{"id":26,"date":"2018-08-22T12:07:22","date_gmt":"2018-08-22T12:07:22","guid":{"rendered":"https:\/\/3und3coworking.apps-1and1.net\/?page_id=26"},"modified":"2019-02-13T04:32:24","modified_gmt":"2019-02-13T04:32:24","slug":"einfach-arbeiten-koennen","status":"publish","type":"page","link":"https:\/\/3und3.co\/","title":{"rendered":"Einfach arbeiten k\u00f6nnen wo andere Urlaub machen."},"content":{"rendered":"<p>Wir bringen CoWorking nach Prien!<\/p>\n<p>Einfach. Flexibel. Projektraum. Denkraum. Kommunikationsraum.<\/p>\n<p>Inspirierende Arbeitsumgebung. Netzwerken m\u00f6glich. Stressfrei.<\/p>\n<p>5 Fu\u00dfminuten vom Bahnhof. 45 Minuten nach M\u00fcnchen und Salzburg.<\/p>\n<p>5 Fu\u00dfminuten zum Chiemsee. Die Chiemgauer Alpen vor der Haust\u00fcr.<\/p>\n","protected":false},"excerpt":{"rendered":"<p>Wir bringen CoWorking nach Prien! Einfach. Flexibel. Projektraum. Denkraum. Kommunikationsraum. Inspirierende Arbeitsumgebung. Netzwerken m\u00f6glich. Stressfrei. 5 Fu\u00dfminuten vom Bahnhof. 45 Minuten nach M\u00fcnchen und Salzburg. 5 Fu\u00dfminuten zum Chiemsee. Die &hellip; <\/p>\n<p class=\"link-more\"><a href=\"https:\/\/3und3.co\/\" class=\"more-link\"><span class=\"screen-reader-text\">\u201eEinfach arbeiten k\u00f6nnen wo andere Urlaub machen.\u201c <\/span>weiterlesen<\/a><\/p>\n","protected":false},"author":1,"featured_media":209,"parent":0,"menu_order":0,"comment_status":"closed","ping_status":"closed","template":"","meta":{"jetpack_post_was_ever_published":false,"footnotes":""},"class_list":["post-26","page","type-page","status-publish","has-post-thumbnail","hentry"],"jetpack_sharing_enabled":true,"jetpack_shortlink":"https:\/\/wp.me\/PacbNa-q","jetpack-related-posts":[],"_links":{"self":[{"href":"https:\/\/3und3.co\/index.php?rest_route=\/wp\/v2\/pages\/26","targetHints":{"allow":["GET"]}}],"collection":[{"href":"https:\/\/3und3.co\/index.php?rest_route=\/wp\/v2\/pages"}],"about":[{"href":"https:\/\/3und3.co\/index.php?rest_route=\/wp\/v2\/types\/page"}],"author":[{"embeddable":true,"href":"https:\/\/3und3.co\/index.php?rest_route=\/wp\/v2\/users\/1"}],"replies":[{"embeddable":true,"href":"https:\/\/3und3.co\/index.php?rest_route=%2Fwp%2Fv2%2Fcomments&post=26"}],"version-history":[{"count":13,"href":"https:\/\/3und3.co\/index.php?rest_route=\/wp\/v2\/pages\/26\/revisions"}],"predecessor-version":[{"id":194,"href":"https:\/\/3und3.co\/index.php?rest_route=\/wp\/v2\/pages\/26\/revisions\/194"}],"wp:featuredmedia":[{"embeddable":true,"href":"https:\/\/3und3.co\/index.php?rest_route=\/wp\/v2\/media\/209"}],"wp:attachment":[{"href":"https:\/\/3und3.co\/index.php?rest_route=%2Fwp%2Fv2%2Fmedia&parent=26"}],"curies":[{"name":"wp","href":"https:\/\/api.w.org\/{rel}","templated":true}]}}