{"id":210,"date":"2019-02-13T04:23:10","date_gmt":"2019-02-13T04:23:10","guid":{"rendered":"http:\/\/3und3.co\/?page_id=210"},"modified":"2023-04-03T10:50:41","modified_gmt":"2023-04-03T10:50:41","slug":"allgemeine-geschaeftsbedingungen","status":"publish","type":"page","link":"https:\/\/3und3.co\/?page_id=210","title":{"rendered":"Allgemeine Gesch\u00e4ftsbedingungen"},"content":{"rendered":"<p><\/p>\n\n\n<ol class=\"wp-block-list\">\n<li><strong>Allgemeines und Leistungen<\/strong>\n<ol class=\"wp-block-list\">\n<li>Diese Allgemeinen Gesch\u00e4ftsbedingungen (\u201eAGB\u201c) sind g\u00fcltig f\u00fcr s\u00e4mtliche Leistungen, die 3und3.co Coworking, M. Thomas, \u201e3und3.co&#8220; gegen\u00fcber Ihren Kunden und Vertragspartnern im Rahmen des Coworking-Angebots der 3und3.co erbringt. Die hier enthaltenen Bestimmungen sind wesentliche Vertragsbedingungen.<\/li>\n\n\n\n<li>Gesch\u00e4ftsbedingungen der Kunden oder Vertragspartner, nachfolgend auch Coworker oder Mieter genannt, finden keine Anwendung.<\/li>\n\n\n\n<li>3und3.co vermietet Coworking Arbeitspl\u00e4tze, fallweise auch auch Projekt- und Besprechungsr\u00e4ume, Telefon- und Internetanbindung, virtuelle B\u00fcros als Gesch\u00e4ftsadresse einzeln und\/oder kombiniert. Die Mietobjekte von 3und3.co k\u00f6nnen einzeln und\/oder kombiniert von Coworkern f\u00fcr verschiedene Zeitr\u00e4ume gebucht und genutzt werden. Einzelheiten regeln jeweils Vertr\u00e4ge.&nbsp;<\/li>\n\n\n\n<li>Zugewiesene Arbeitspl\u00e4tze und R\u00e4ume bleiben unter der Kontrolle von 3und3.co. Eventuelle Ver\u00e4nderungen durch den Coworker m\u00fcssen ausdr\u00fccklich im jeweiligen Vertrag beschrieben sein.<\/li>\n\n\n\n<li>Das Angebot von 3und3.co richtet sich ausschlie\u00dflich an Unternehmer im Sinne des \u00a7 14 BGB. Unternehmer ist jede nat\u00fcrliche oder juristische Person oder rechtsf\u00e4hige Personengesellschaft, die beim Abschluss des Vertrages in Aus\u00fcbung ihrer gewerblichen oder selbst\u00e4ndigen beruflichen T\u00e4tig-keit handelt.<\/li>\n\n\n\n<li>Arbeitspl\u00e4tze und B\u00fcros d\u00fcrfen ausschlie\u00dflich f\u00fcr den im Vertrag angegebenen Zweck benutzt werden. Ungesetzliche und unrechtm\u00e4\u00dfige Nutzungen sind verboten ebenso wie solche T\u00e4tigkeiten innerhalb der R\u00e4umlichkeiten von 3und3.co.<\/li>\n\n\n\n<li>Alle Inklusiv-Angebote (\u201eFlats\u201e) sind beschr\u00e4nkt auf fairen Nutzen der Coworker im Sinne eines \u00fcblichen Ge- oder Verbrauchs.<\/li>\n<\/ol>\n<\/li>\n\n\n\n<li><strong>Telefon- und Internetanbindung inkl. WLAN<\/strong>\n<ol class=\"wp-block-list\">\n<li>Telefon- und Internetzugang inkl. WLAN wird im Detail vertraglich vereinbart. Grunds\u00e4tzlich&nbsp; gilt das Angebot immer nur f\u00fcr Nutzung im b\u00fcro\u00fcblichen Umfang und ausdr\u00fccklich nicht f\u00fcr Hostingleis-tungen oder \u00c4hnliches.<\/li>\n\n\n\n<li>Jeder zur Verf\u00fcgung gestellter Zugang zu Telefon- und Internet wird von einem externen Provider betrieben. 3und3.co hat daher auf zeitliche Verf\u00fcgbarkeit und verf\u00fcgbare Bandbreite keinen Einfluss. Es kann jederzeit aufgrund von Wartungen oder technischen Schwierigkeiten zu zeitweiser Nichtverf\u00fcgbarkeit und verminderter Bandbreite kommen.<\/li>\n\n\n\n<li>Die insgesamt zur Verf\u00fcgung stehende Bandbreite (bis zu 200MBit\/s download und bis zu 50MBit\/s upload) ist naturgem\u00e4\u00df begrenzt. Um allen Coworkern ein ordnungsgem\u00e4\u00dfes Arbeiten zu erm\u00f6glichen, darf die zur Verf\u00fcgung gestellte Bandbreite grunds\u00e4tzlich nur f\u00fcr gesch\u00e4ftliche Zwecke verwendet werden. Das Streamen, der Download oder der Upload von Musik, Filmen, Live-Streams etc. ist zu unterlassen, sobald dies andere Coworker beeintr\u00e4chtigt. Sollte die gesch\u00e4ftliche T\u00e4tigkeit des Coworkers regelm\u00e4\u00dfig ein solches Streamen, den Download oder Upload gr\u00f6\u00dferer Datenmengen notwendig machen, muss eine entsprechende vertragliche Vereinbarung getroffen werden.<\/li>\n\n\n\n<li>Gegen Geb\u00fchr kann jeder Coworker eine eigene Festnetznummer und eine Vielzahl von Flat-Varianten und weitere Optionen buchen, Details sind vertraglich zu vereinbaren.<\/li>\n<\/ol>\n<\/li>\n\n\n\n<li><strong>Nutzung durch Coworker<\/strong>\n<ol class=\"wp-block-list\">\n<li>3und3.co bietet seine Dienste werktags von Montag bis Freitag von 9:00 \u2013 19:00 an. Coworker k\u00f6nnen vertraglich auch andere Nutzungszeiten vereinbaren. Die Schlie\u00dfanlage von 3und.co ist mit einer Software gekoppelt. Das Betreten des B\u00fcros wird aufgezeichnet. Bei Erreichen der vertraglich vereinbarten maximalen Nutzungstage kann der Zugang durch die Schlie\u00dfanlage verwehrt werden. Sonderregelungen k\u00f6nnen vereinbart werden.<\/li>\n\n\n\n<li>Coworker \u00fcbergeben mit Vertragsabschluss an 3und3.co eine Kopie des Handelsregisterauszugs oder eine Gewerbeanmeldebe-scheinigung und\/oder eine Kopie des Personalausweises der im Vertrag genannten Person(en), wie auch Steuernummer und UID.<\/li>\n\n\n\n<li>Die \u00dcberlassung der Rechte aus Coworking Vertr\u00e4gen an andere Personen als in diesen Vertr\u00e4gen genannt, ist ausgeschlossen. Coworker sind verpflichtet \u00fcberlassene Schl\u00fcssel, Zugangskarten oder -codes vor Verlust und Diebstahl zu sch\u00fctzen und d\u00fcrfen diese keinem Dritten \u00fcbergeben oder zug\u00e4nglich machen.<\/li>\n\n\n\n<li>Coworker sind zur Einhaltung einer etwaigen Hausordnung f\u00fcr Geb\u00e4ude und Anwesen verpflichtet.<\/li>\n\n\n\n<li>Coworker sind berechtigt, die Flurfl\u00e4chen, Toiletten und die K\u00fcche inklusive Kaffeevollautomat, Herd, Ofen und K\u00fchlschrank mit allen anderen Coworkern zu nutzen.<\/li>\n\n\n\n<li>Schnellgerichte k\u00f6nnen zur \u00fcblichen Mittagszeit ausschlie\u00dflich in der K\u00fcche selbst zubereitet werden. Ausserhalb der \u00fcblichen Mittagszeit wird die K\u00fcche auch als Besprechungszimmer genutzt, das gegen Geb\u00fchr von jedem Coworker gebucht werden kann.<\/li>\n\n\n\n<li>Wenn vertraglich so vereinbart, kann eigene IT am Arbeitsplatz belassen werden. Eigene K\u00fcchenger\u00e4te wie Wasserkocher, Mikro-wellen usw. sind nicht gestattet.<\/li>\n\n\n\n<li>Die regelm\u00e4\u00dfige Reinigung der R\u00e4ume von 3und3.co ist inklusive. Coworker sind verpflichtet Schreibtische und R\u00e4ume so aufger\u00e4umt zu halten, dass eine regelm\u00e4\u00dfige Reinigung einfach m\u00f6glich ist.<\/li>\n<\/ol>\n<\/li>\n\n\n\n<li><strong>Haftung<\/strong>\n<ol class=\"wp-block-list\">\n<li>Coworker sollen Arbeitspl\u00e4tze, R\u00e4umlichkeiten und Umgebung vor Vertragsschluss besichtigen und zur Kenntnis nehmen. Die Arbeitspl\u00e4tze selbst sind wie in jedem Gro\u00dfraumb\u00fcro nicht separat verschlie\u00dfbar.<\/li>\n\n\n\n<li>3und3.co \u00fcbernimmt keine Haftung f\u00fcr Folgesch\u00e4den, insbesondere auf entgangenen Gewinn oder Ersatz von Sch\u00e4den Dritter wird ausgeschlossen.<\/li>\n\n\n\n<li>3und3.co haftet nur bei Vorsatz oder grober Fahrl\u00e4ssigkeit aufgrund etwaiger Anspr\u00fcche auf Schadens- oder Aufwendungsersatz im gesch\u00e4ftlichen Verkehr.<\/li>\n\n\n\n<li>3und3.co \u00fcbernimmt keine Haftung f\u00fcr Sch\u00e4den, die von Coworkern verursacht werden. Coworker halten 3und3.co in solchen F\u00e4llen grunds\u00e4tzlich von jedem Schaden frei und ersetzen 3und3.co die Kosten der Rechtsverfolgung in H\u00f6he der gesetzlichen Geb\u00fchren.<\/li>\n\n\n\n<li>Coworker weisen 3und3.co eine Haftpflicht-versicherung nach, die Sch\u00e4den absichert, die der Coworker m\u00f6glicherweise verursacht.<\/li>\n<\/ol>\n<\/li>\n\n\n\n<li><strong>Zahlung und Zahlungsfristen<\/strong>\n<ol class=\"wp-block-list\">\n<li>Mieten f\u00fcr die vertraglich abonnierten Coworking Objekte sind jeweils im Voraus am letzen Werktag des Monats f\u00fcr den Folgemonat f\u00e4llig.<\/li>\n\n\n\n<li>Rechnungen f\u00fcr sonstige eventuelle Zusatzleistungen sind 14 Tage nach Rechnungserhalt f\u00e4llig.<\/li>\n\n\n\n<li>F\u00fcr eventuell n\u00f6tige Mahnungen werden \u20ac10 Mahngeb\u00fchr erhoben. Bei Zahlungsverzug gelten die gesetzlichen Regelungen des \u00a7288 Abs. 2 BGB.<\/li>\n\n\n\n<li>Die Aufrechnung ist ausgeschlossen.<\/li>\n<\/ol>\n<\/li>\n\n\n\n<li><strong>K\u00fcndigung<\/strong>\n<ol class=\"wp-block-list\">\n<li>Die Bestimmungen zur ordentlichen K\u00fcndigung sind im jeweiligen Vertrag geregelt<\/li>\n\n\n\n<li>F\u00fcr die fristlose K\u00fcndigung gelten die gesetzlichen Bestimmungen. Insbesondere sind dies Verst\u00f6\u00dfe gegen wesentliche Vertragsbedingungen.<\/li>\n\n\n\n<li>Wenn gegen einen Coworker Zwangsvollstreckungsma\u00dfnahmen unter der Adresse von 3und3.co erfolgen, ist 3und3.co berechtigt den Vertrag mit sofortiger Wirkung und einer R\u00e4umungsfrist von vier Tagen zu k\u00fcndigen.<\/li>\n<\/ol>\n<\/li>\n\n\n\n<li><strong>Schlussbestimmungen<\/strong>\n<ol class=\"wp-block-list\">\n<li>Sollten einzelne Bestimmungen aus diesen Allgemeinen Gesch\u00e4ftsbedingungen (AGB) unwirksam sein oder werden, so bleiben diese AGB im \u00dcbrigen dennoch wirksam.<\/li>\n\n\n\n<li>Erf\u00fcllungsort ist Prien am Chiemsee und Gerichtsstand ist Rosenheim.<\/li>\n\n\n\n<li>Alle Vereinbarungen bed\u00fcrfen der Schriftform, auch der Verzicht auf das Schriftformerfordernis.<\/li>\n<\/ol>\n<\/li>\n<\/ol>\n\n\n\n<p><\/p>\n\n\n","protected":false},"excerpt":{"rendered":"","protected":false},"author":1,"featured_media":0,"parent":0,"menu_order":0,"comment_status":"closed","ping_status":"closed","template":"","meta":{"jetpack_post_was_ever_published":false,"footnotes":""},"class_list":["post-210","page","type-page","status-publish","hentry"],"jetpack_sharing_enabled":false,"jetpack_shortlink":"https:\/\/wp.me\/PacbNa-3o","jetpack-related-posts":[],"_links":{"self":[{"href":"https:\/\/3und3.co\/index.php?rest_route=\/wp\/v2\/pages\/210","targetHints":{"allow":["GET"]}}],"collection":[{"href":"https:\/\/3und3.co\/index.php?rest_route=\/wp\/v2\/pages"}],"about":[{"href":"https:\/\/3und3.co\/index.php?rest_route=\/wp\/v2\/types\/page"}],"author":[{"embeddable":true,"href":"https:\/\/3und3.co\/index.php?rest_route=\/wp\/v2\/users\/1"}],"replies":[{"embeddable":true,"href":"https:\/\/3und3.co\/index.php?rest_route=%2Fwp%2Fv2%2Fcomments&post=210"}],"version-history":[{"count":24,"href":"https:\/\/3und3.co\/index.php?rest_route=\/wp\/v2\/pages\/210\/revisions"}],"predecessor-version":[{"id":413,"href":"https:\/\/3und3.co\/index.php?rest_route=\/wp\/v2\/pages\/210\/revisions\/413"}],"wp:attachment":[{"href":"https:\/\/3und3.co\/index.php?rest_route=%2Fwp%2Fv2%2Fmedia&parent=210"}],"curies":[{"name":"wp","href":"https:\/\/api.w.org\/{rel}","templated":true}]}}