{"id":155,"date":"2018-10-14T19:39:15","date_gmt":"2018-10-14T19:39:15","guid":{"rendered":"http:\/\/3und3.co\/?page_id=155"},"modified":"2025-06-16T17:19:30","modified_gmt":"2025-06-16T17:19:30","slug":"3und3","status":"publish","type":"page","link":"https:\/\/3und3.co\/?page_id=155","title":{"rendered":"3und3 &#8211; Wir lieben CoWorking!"},"content":{"rendered":"<p>Do what you love where you love doing it!<\/p>\n<p>Individual B\u00fcro nach Ihrem Bedarf, Schreibtisch f\u00fcr einen Tag, fixes B\u00fcro f\u00fcr l\u00e4nger, Besprechungsraum mit Catering, Video-Konferenz, schnelles Internet mit bis zu 200 MB\/s download und 50MB\/s upload, Telefon mit Flat-Tarifen auch international, keine langfristige Bindung.<\/p>\n<p>Ortskundige Hilfe bei Organisation \u00a0von Unterkunft, Ausfl\u00fcgen und Events.<\/p>\n<p>Kinderbetreuung kann organisiert werden. Zum Beispiel: Segelkurse von Mai bis Oktober. Rudern. Reitunterricht. Skikurse im Winter. Radtouren um den See oder in die Berge.<\/p>\n<p><strong>&#8222;Spontan&#8220; &#8211; \u00a0Der Tagespass 25\u20ac\/Tag<\/strong> zzgl. USt. [1 Tag Zugang, flexibler Arbeitsplatz, freies Internet, Strom und Getr\u00e4nke (fair use policy)],\u00a0Montag bis Freitag].<\/p>\n<p><strong>&#8222;Einfach&#8220; &#8211; Basis Abo 80\u20ac\/Monat<\/strong> zzgl. USt. [4 Tage Zugang, flexibler Arbeitsplatz, freies Internet, Strom und Getr\u00e4nke (fair use policy), \u00a0Montag bis Freitag (eigener Schl\u00fcssel. bzw. Zugangscode].<\/p>\n<p><strong>&#8222;Flexibel&#8220; &#8211; Basis Plus Abo 160\u20ac\/Monat <\/strong>zzgl. USt.\u00a0[8 Tage Zugang, flexibler Arbeitsplatz, freies Internet, Strom und Getr\u00e4nke (fair use policy), reduzierter Preis f\u00fcr Besprechungszimmer, Montag bis Freitag\u00a0Zugang (eigener Schl\u00fcssel. bzw. Zugangscode].<\/p>\n<p><strong>&#8222;Unkompliziert&#8220; &#8211; Premium Abo 300\u20ac\/Monat<\/strong> zzgl. USt. [Alle Werktage Zugang, fest zugewiesener Arbeitsplatz, freies Internet, Strom und Getr\u00e4nke (fair use policy), reduzierter Preis f\u00fcr Besprechungszimmer, Eigene IT kann am Arbeitsplatz aufgestellt und belassen werden. Montag bis Freitag\u00a0(eigener Schl\u00fcssel. bzw. Zugangscode, Schlie\u00dffach oder abschlie\u00dfbarer Schrank wenn verf\u00fcgbar gegen Aufpreis].<\/p>\n<p><strong>&#8222;Projekt-Raum&#8220; &#8211; Individual Abo Preis auf Anfrage\u00a0<\/strong>[Fest zugewiesener Raum, freies Internet, Strom und Getr\u00e4nke (fair use policy), reduzierter Preis f\u00fcr Besprechungszimmer, Eigene IT kann am Arbeitsplatz aufgestellt und belassen werden. Montag bis Freitag\u00a0(eigener Schl\u00fcssel. bzw. Zugangscode].<\/p>\n<p><strong>&#8222;Individual&#8220; &#8211; ab 75\u20ac\/Monat<\/strong>\u00a0zzgl. USt. [Er\u00f6ffnen Sie Ihr B\u00fcro mit minimalen Kosten in erstklassiger Lage in Prien am Chiemsee! Post, Telefon, Arbeitsleistungen nach Bedarf bis zum Projektmanagement. Wir schn\u00fcren f\u00fcr Sie Ihr individuelles Paket! Sprechen Sie uns an.]<\/p>\n<p>Alle Preise zzgl. USt.. Anfragen an <a href=\"mailto:service@3und3.co\"><strong>service@3und3.co<\/strong><\/a> oder rufen Sie uns an unter +49 173 382 5899 oder +49 8051 6402346. Wir sind f\u00fcr Sie da!<\/p>\n","protected":false},"excerpt":{"rendered":"<p>Do what you love where you love doing it! Individual B\u00fcro nach Ihrem Bedarf, Schreibtisch f\u00fcr einen Tag, fixes B\u00fcro f\u00fcr l\u00e4nger, Besprechungsraum mit Catering, Video-Konferenz, schnelles Internet mit bis &hellip; <\/p>\n<p class=\"link-more\"><a href=\"https:\/\/3und3.co\/?page_id=155\" class=\"more-link\"><span class=\"screen-reader-text\">\u201e3und3 &#8211; Wir lieben CoWorking!\u201c <\/span>weiterlesen<\/a><\/p>\n","protected":false},"author":1,"featured_media":204,"parent":0,"menu_order":1,"comment_status":"closed","ping_status":"closed","template":"","meta":{"jetpack_post_was_ever_published":false,"footnotes":""},"class_list":["post-155","page","type-page","status-publish","has-post-thumbnail","hentry"],"jetpack_sharing_enabled":true,"jetpack_shortlink":"https:\/\/wp.me\/PacbNa-2v","jetpack-related-posts":[],"_links":{"self":[{"href":"https:\/\/3und3.co\/index.php?rest_route=\/wp\/v2\/pages\/155","targetHints":{"allow":["GET"]}}],"collection":[{"href":"https:\/\/3und3.co\/index.php?rest_route=\/wp\/v2\/pages"}],"about":[{"href":"https:\/\/3und3.co\/index.php?rest_route=\/wp\/v2\/types\/page"}],"author":[{"embeddable":true,"href":"https:\/\/3und3.co\/index.php?rest_route=\/wp\/v2\/users\/1"}],"replies":[{"embeddable":true,"href":"https:\/\/3und3.co\/index.php?rest_route=%2Fwp%2Fv2%2Fcomments&post=155"}],"version-history":[{"count":33,"href":"https:\/\/3und3.co\/index.php?rest_route=\/wp\/v2\/pages\/155\/revisions"}],"predecessor-version":[{"id":473,"href":"https:\/\/3und3.co\/index.php?rest_route=\/wp\/v2\/pages\/155\/revisions\/473"}],"wp:featuredmedia":[{"embeddable":true,"href":"https:\/\/3und3.co\/index.php?rest_route=\/wp\/v2\/media\/204"}],"wp:attachment":[{"href":"https:\/\/3und3.co\/index.php?rest_route=%2Fwp%2Fv2%2Fmedia&parent=155"}],"curies":[{"name":"wp","href":"https:\/\/api.w.org\/{rel}","templated":true}]}}